{"id":2,"date":"2024-05-20T12:57:36","date_gmt":"2024-05-20T10:57:36","guid":{"rendered":"http:\/\/denisecoachfitness.com\/?page_id=2"},"modified":"2024-08-15T10:00:28","modified_gmt":"2024-08-15T08:00:28","slug":"page-d-accueil","status":"publish","type":"page","link":"https:\/\/www.denisecoachfitness.com\/","title":{"rendered":"Coaching Pilates personnalis\u00e9 \u00e0 domicile"},"content":{"rendered":"\n<figure class=\"wp-block-gallery has-nested-images columns-default is-cropped wp-block-gallery-1 is-layout-flex wp-block-gallery-is-layout-flex\"><\/figure>\n\n\n\n<p class=\"has-pale-pink-color has-text-color has-link-color wp-elements-92e0a6c73a76ba2c5ac77f4ffec1062c\">Denise, \u00e9ducatrice sportive, dipl\u00f4m\u00e9e d&rsquo;\u00e9tat BPJEPS AF, sp\u00e9cialis\u00e9e dans l&rsquo;enseignement du Pilates, vous propose des s\u00e9ances \u00e0 domicile sur Rennes.<\/p>\n\n\n\n<figure class=\"wp-block-image size-large\"><img loading=\"lazy\" decoding=\"async\" width=\"960\" height=\"366\" src=\"https:\/\/www.denisecoachfitness.com\/wp-content\/uploads\/2024\/07\/Photo-Couverture-DeniseCoachFitness.jpg\" alt=\"\" class=\"wp-image-228\" srcset=\"https:\/\/www.denisecoachfitness.com\/wp-content\/uploads\/2024\/07\/Photo-Couverture-DeniseCoachFitness.jpg 960w, https:\/\/www.denisecoachfitness.com\/wp-content\/uploads\/2024\/07\/Photo-Couverture-DeniseCoachFitness-300x114.jpg 300w, https:\/\/www.denisecoachfitness.com\/wp-content\/uploads\/2024\/07\/Photo-Couverture-DeniseCoachFitness-768x293.jpg 768w\" sizes=\"auto, (max-width: 767px) 89vw, (max-width: 1000px) 54vw, (max-width: 1071px) 543px, 580px\" \/><\/figure>\n\n\n\n<p class=\"has-pale-pink-color has-text-color has-link-color has-medium-font-size wp-elements-cf4b67a4d075d4334c285aa334d9db3c\">Pilates hommes et femmes<\/p>\n\n\n\n<p>Adapt\u00e9es \u00e0 vos besoins, avec ou sans mat\u00e9riel l&rsquo;objectif de ces s\u00e9ances est votre bien-\u00eatre. Je serai \u00e0 votre \u00e9coute et je vous accompagnerai avec bienveillance dans cette belle exp\u00e9rience qu&rsquo;est la m\u00e9thode Pilates.<\/p>\n","protected":false},"excerpt":{"rendered":"<p>Denise, \u00e9ducatrice sportive, dipl\u00f4m\u00e9e d&rsquo;\u00e9tat BPJEPS AF, sp\u00e9cialis\u00e9e dans l&rsquo;enseignement du Pilates, vous propose des s\u00e9ances \u00e0 domicile sur Rennes. Pilates hommes et femmes Adapt\u00e9es \u00e0 vos besoins, avec ou sans mat\u00e9riel l&rsquo;objectif de ces s\u00e9ances est votre bien-\u00eatre. Je serai \u00e0 votre \u00e9coute et je vous accompagnerai avec bienveillance dans cette belle exp\u00e9rience qu&rsquo;est &hellip; <\/p>\n<p class=\"link-more\"><a href=\"https:\/\/www.denisecoachfitness.com\/\" class=\"more-link\">Continuer la lecture<span class=\"screen-reader-text\"> de &laquo;&nbsp;Coaching Pilates personnalis\u00e9 \u00e0 domicile&nbsp;&raquo;<\/span><\/a><\/p>\n","protected":false},"author":1,"featured_media":0,"parent":0,"menu_order":0,"comment_status":"closed","ping_status":"open","template":"","meta":{"om_disable_all_campaigns":false,"_monsterinsights_skip_tracking":false,"_monsterinsights_sitenote_active":false,"_monsterinsights_sitenote_note":"","_monsterinsights_sitenote_category":0,"footnotes":""},"class_list":["post-2","page","type-page","status-publish","hentry"],"aioseo_notices":[],"_links":{"self":[{"href":"https:\/\/www.denisecoachfitness.com\/index.php\/wp-json\/wp\/v2\/pages\/2","targetHints":{"allow":["GET"]}}],"collection":[{"href":"https:\/\/www.denisecoachfitness.com\/index.php\/wp-json\/wp\/v2\/pages"}],"about":[{"href":"https:\/\/www.denisecoachfitness.com\/index.php\/wp-json\/wp\/v2\/types\/page"}],"author":[{"embeddable":true,"href":"https:\/\/www.denisecoachfitness.com\/index.php\/wp-json\/wp\/v2\/users\/1"}],"replies":[{"embeddable":true,"href":"https:\/\/www.denisecoachfitness.com\/index.php\/wp-json\/wp\/v2\/comments?post=2"}],"version-history":[{"count":57,"href":"https:\/\/www.denisecoachfitness.com\/index.php\/wp-json\/wp\/v2\/pages\/2\/revisions"}],"predecessor-version":[{"id":286,"href":"https:\/\/www.denisecoachfitness.com\/index.php\/wp-json\/wp\/v2\/pages\/2\/revisions\/286"}],"wp:attachment":[{"href":"https:\/\/www.denisecoachfitness.com\/index.php\/wp-json\/wp\/v2\/media?parent=2"}],"curies":[{"name":"wp","href":"https:\/\/api.w.org\/{rel}","templated":true}]}}